{"id":129,"date":"2024-03-25T16:13:43","date_gmt":"2024-03-25T16:13:43","guid":{"rendered":"https:\/\/grow-on.spotmarket.pt\/?page_id=129"},"modified":"2025-07-28T11:11:41","modified_gmt":"2025-07-28T11:11:41","slug":"sobre-nos","status":"publish","type":"page","link":"https:\/\/grow-on.spotmarket.pt\/en\/sobre-nos\/","title":{"rendered":"Sobre N\u00f3s"},"content":{"rendered":"\t\t<div data-elementor-type=\"wp-page\" data-elementor-id=\"129\" class=\"elementor elementor-129\" data-elementor-post-type=\"page\">\n\t\t\t\t<div class=\"elementor-element elementor-element-5654ab1 e-flex e-con-boxed elementor-invisible e-con e-parent\" data-id=\"5654ab1\" data-element_type=\"container\" data-settings=\"{&quot;animation&quot;:&quot;fadeInUp&quot;}\" data-core-v316-plus=\"true\">\n\t\t\t\t\t<div class=\"e-con-inner\">\n\t\t<div class=\"elementor-element elementor-element-f693031 e-con-full e-flex e-con e-child\" data-id=\"f693031\" data-element_type=\"container\">\n\t\t\t\t<div class=\"elementor-element elementor-element-3266787 elementor-widget elementor-widget-heading\" data-id=\"3266787\" data-element_type=\"widget\" data-widget_type=\"heading.default\">\n\t\t\t\t<div class=\"elementor-widget-container\">\n\t\t\t<style>\/*! elementor - v3.20.0 - 20-03-2024 *\/\n.elementor-heading-title{padding:0;margin:0;line-height:1}.elementor-widget-heading .elementor-heading-title[class*=elementor-size-]>a{color:inherit;font-size:inherit;line-height:inherit}.elementor-widget-heading .elementor-heading-title.elementor-size-small{font-size:15px}.elementor-widget-heading .elementor-heading-title.elementor-size-medium{font-size:19px}.elementor-widget-heading .elementor-heading-title.elementor-size-large{font-size:29px}.elementor-widget-heading .elementor-heading-title.elementor-size-xl{font-size:39px}.elementor-widget-heading .elementor-heading-title.elementor-size-xxl{font-size:59px}<\/style><h2 class=\"elementor-heading-title elementor-size-default\">A NOSSA HIST\u00d3RIA<\/h2>\t\t<\/div>\n\t\t\t\t<\/div>\n\t\t\t\t<div class=\"elementor-element elementor-element-8ee2a1a elementor-widget__width-initial elementor-widget elementor-widget-text-editor\" data-id=\"8ee2a1a\" data-element_type=\"widget\" data-widget_type=\"text-editor.default\">\n\t\t\t\t<div class=\"elementor-widget-container\">\n\t\t\t<style>\/*! elementor - v3.20.0 - 20-03-2024 *\/\n.elementor-widget-text-editor.elementor-drop-cap-view-stacked .elementor-drop-cap{background-color:#69727d;color:#fff}.elementor-widget-text-editor.elementor-drop-cap-view-framed .elementor-drop-cap{color:#69727d;border:3px solid;background-color:transparent}.elementor-widget-text-editor:not(.elementor-drop-cap-view-default) .elementor-drop-cap{margin-top:8px}.elementor-widget-text-editor:not(.elementor-drop-cap-view-default) .elementor-drop-cap-letter{width:1em;height:1em}.elementor-widget-text-editor .elementor-drop-cap{float:left;text-align:center;line-height:1;font-size:50px}.elementor-widget-text-editor .elementor-drop-cap-letter{display:inline-block}<\/style>\t\t\t\t<p>A Grow surge com a necessidade de solu\u00e7\u00f5es pr\u00e1ticas de estrutura de apoio administrativo a pequenas e m\u00e9dias empresas, a grandes ideias que ainda s\u00e3o pequenos neg\u00f3cios, que deste apoio dependem para conseguir fazer crescer a sua opera\u00e7\u00e3o e otimizar processos que simplifiquem o seu dia a dia, com o objetivo de chegar sempre mais longe.<br \/>A nossa equipa multidisciplinar foi ao longo dos anos ganhando experi\u00eancia e forma\u00e7\u00e3o em contexto trabalho efetivo no meio empresarial.<br \/>Pela necessidade di\u00e1ria, cada vez mais diversificada, de dar resposta aos nossos clientes, desafiamo-nos permanentemente a desenhar \u00e0 medida de cada um, uma oferta cada vez maior de servi\u00e7os e solu\u00e7\u00f5es.<br \/>Ao longo destes anos o cliente tem-nos chegado sempre da forma mais gratificante\u2026 o feedback do nosso trabalho!<\/p>\t\t\t\t\t\t<\/div>\n\t\t\t\t<\/div>\n\t\t\t\t<div class=\"elementor-element elementor-element-a21df3d elementor-widget elementor-widget-image\" data-id=\"a21df3d\" data-element_type=\"widget\" data-widget_type=\"image.default\">\n\t\t\t\t<div class=\"elementor-widget-container\">\n\t\t\t<style>\/*! elementor - v3.20.0 - 20-03-2024 *\/\n.elementor-widget-image{text-align:center}.elementor-widget-image a{display:inline-block}.elementor-widget-image a img[src$=\".svg\"]{width:48px}.elementor-widget-image img{vertical-align:middle;display:inline-block}<\/style>\t\t\t\t\t\t\t\t\t\t<img fetchpriority=\"high\" decoding=\"async\" width=\"2000\" height=\"1333\" src=\"https:\/\/grow-on.spotmarket.pt\/wp-content\/uploads\/2024\/03\/scheduling-agenda.jpg\" class=\"attachment-full size-full wp-image-135\" alt=\"\" srcset=\"https:\/\/grow-on.spotmarket.pt\/wp-content\/uploads\/2024\/03\/scheduling-agenda.jpg 2000w, https:\/\/grow-on.spotmarket.pt\/wp-content\/uploads\/2024\/03\/scheduling-agenda-300x200.jpg 300w, https:\/\/grow-on.spotmarket.pt\/wp-content\/uploads\/2024\/03\/scheduling-agenda-1024x682.jpg 1024w, https:\/\/grow-on.spotmarket.pt\/wp-content\/uploads\/2024\/03\/scheduling-agenda-768x512.jpg 768w, https:\/\/grow-on.spotmarket.pt\/wp-content\/uploads\/2024\/03\/scheduling-agenda-1536x1024.jpg 1536w\" sizes=\"(max-width: 2000px) 100vw, 2000px\" \/>\t\t\t\t\t\t\t\t\t\t\t\t\t<\/div>\n\t\t\t\t<\/div>\n\t\t\t\t<\/div>\n\t\t<div class=\"elementor-element elementor-element-d8519af e-con-full e-flex e-con e-child\" data-id=\"d8519af\" data-element_type=\"container\">\n\t\t\t\t<div class=\"elementor-element elementor-element-90b1071 elementor-widget-mobile__width-inherit elementor-widget elementor-widget-image\" data-id=\"90b1071\" data-element_type=\"widget\" data-widget_type=\"image.default\">\n\t\t\t\t<div class=\"elementor-widget-container\">\n\t\t\t\t\t\t\t\t\t\t\t\t\t<img decoding=\"async\" width=\"1667\" height=\"1667\" src=\"https:\/\/grow-on.spotmarket.pt\/wp-content\/uploads\/2024\/03\/contabilidade.jpg\" class=\"attachment-full size-full wp-image-137\" alt=\"\" srcset=\"https:\/\/grow-on.spotmarket.pt\/wp-content\/uploads\/2024\/03\/contabilidade.jpg 1667w, https:\/\/grow-on.spotmarket.pt\/wp-content\/uploads\/2024\/03\/contabilidade-300x300.jpg 300w, https:\/\/grow-on.spotmarket.pt\/wp-content\/uploads\/2024\/03\/contabilidade-1024x1024.jpg 1024w, https:\/\/grow-on.spotmarket.pt\/wp-content\/uploads\/2024\/03\/contabilidade-150x150.jpg 150w, https:\/\/grow-on.spotmarket.pt\/wp-content\/uploads\/2024\/03\/contabilidade-768x768.jpg 768w, https:\/\/grow-on.spotmarket.pt\/wp-content\/uploads\/2024\/03\/contabilidade-1536x1536.jpg 1536w\" sizes=\"(max-width: 1667px) 100vw, 1667px\" \/>\t\t\t\t\t\t\t\t\t\t\t\t\t<\/div>\n\t\t\t\t<\/div>\n\t\t\t\t<\/div>\n\t\t\t\t\t<\/div>\n\t\t\t\t<\/div>\n\t\t<div class=\"elementor-element elementor-element-9e7ad67 e-flex e-con-boxed elementor-invisible e-con e-parent\" data-id=\"9e7ad67\" data-element_type=\"container\" data-settings=\"{&quot;animation&quot;:&quot;fadeInUp&quot;}\" data-core-v316-plus=\"true\">\n\t\t\t\t\t<div class=\"e-con-inner\">\n\t\t<div class=\"elementor-element elementor-element-56ee7ce e-con-full e-flex e-con e-child\" data-id=\"56ee7ce\" data-element_type=\"container\">\n\t\t\t\t<div class=\"elementor-element elementor-element-af74b0c elementor-widget elementor-widget-heading\" data-id=\"af74b0c\" data-element_type=\"widget\" data-widget_type=\"heading.default\">\n\t\t\t\t<div class=\"elementor-widget-container\">\n\t\t\t<h2 class=\"elementor-heading-title elementor-size-default\">A NOSSA MISS\u00c3O<\/h2>\t\t<\/div>\n\t\t\t\t<\/div>\n\t\t\t\t<div class=\"elementor-element elementor-element-d296c85 elementor-widget__width-initial elementor-widget elementor-widget-text-editor\" data-id=\"d296c85\" data-element_type=\"widget\" data-widget_type=\"text-editor.default\">\n\t\t\t\t<div class=\"elementor-widget-container\">\n\t\t\t\t\t\t\t<p>\u00c9 vestir a camisola de cada cliente com a mesma dedica\u00e7\u00e3o com que vestimos a nossa, transformando-nos na estrutura de cada empresa, no bra\u00e7o direito do empres\u00e1rio, no apoio do operacional e no administrativo para as mais b\u00e1sicas tarefas do dia a dia.<br \/>\u00c9 descomplicar cada neg\u00f3cio e organizar cada escrit\u00f3rio, simplificando opera\u00e7\u00f5es e processos.<\/p>\t\t\t\t\t\t<\/div>\n\t\t\t\t<\/div>\n\t\t\t\t<\/div>\n\t\t<div class=\"elementor-element elementor-element-77ff616 e-con-full e-flex e-con e-child\" data-id=\"77ff616\" data-element_type=\"container\">\n\t\t\t\t<div class=\"elementor-element elementor-element-c7ce6d4 elementor-widget elementor-widget-image\" data-id=\"c7ce6d4\" data-element_type=\"widget\" data-widget_type=\"image.default\">\n\t\t\t\t<div class=\"elementor-widget-container\">\n\t\t\t\t\t\t\t\t\t\t\t\t\t<img decoding=\"async\" width=\"1667\" height=\"1667\" src=\"https:\/\/grow-on.spotmarket.pt\/wp-content\/uploads\/2024\/03\/contabilidade.jpg\" class=\"attachment-full size-full wp-image-137\" alt=\"\" srcset=\"https:\/\/grow-on.spotmarket.pt\/wp-content\/uploads\/2024\/03\/contabilidade.jpg 1667w, https:\/\/grow-on.spotmarket.pt\/wp-content\/uploads\/2024\/03\/contabilidade-300x300.jpg 300w, https:\/\/grow-on.spotmarket.pt\/wp-content\/uploads\/2024\/03\/contabilidade-1024x1024.jpg 1024w, https:\/\/grow-on.spotmarket.pt\/wp-content\/uploads\/2024\/03\/contabilidade-150x150.jpg 150w, https:\/\/grow-on.spotmarket.pt\/wp-content\/uploads\/2024\/03\/contabilidade-768x768.jpg 768w, https:\/\/grow-on.spotmarket.pt\/wp-content\/uploads\/2024\/03\/contabilidade-1536x1536.jpg 1536w\" sizes=\"(max-width: 1667px) 100vw, 1667px\" \/>\t\t\t\t\t\t\t\t\t\t\t\t\t<\/div>\n\t\t\t\t<\/div>\n\t\t\t\t<\/div>\n\t\t\t\t\t<\/div>\n\t\t\t\t<\/div>\n\t\t<div class=\"elementor-element elementor-element-051f0d6 e-flex e-con-boxed elementor-invisible e-con e-parent\" data-id=\"051f0d6\" data-element_type=\"container\" data-settings=\"{&quot;animation&quot;:&quot;fadeInUp&quot;}\" data-core-v316-plus=\"true\">\n\t\t\t\t\t<div class=\"e-con-inner\">\n\t\t<div class=\"elementor-element elementor-element-37c9013 e-con-full e-flex e-con e-child\" data-id=\"37c9013\" data-element_type=\"container\">\n\t\t\t\t<div class=\"elementor-element elementor-element-2ce201d elementor-widget elementor-widget-image\" data-id=\"2ce201d\" data-element_type=\"widget\" data-widget_type=\"image.default\">\n\t\t\t\t<div class=\"elementor-widget-container\">\n\t\t\t\t\t\t\t\t\t\t\t\t\t<img decoding=\"async\" width=\"1709\" height=\"2560\" src=\"https:\/\/grow-on.spotmarket.pt\/wp-content\/uploads\/2024\/03\/still-life-illustrating-ethics-concept-1-scaled.jpg\" class=\"attachment-full size-full wp-image-139\" alt=\"\" srcset=\"https:\/\/grow-on.spotmarket.pt\/wp-content\/uploads\/2024\/03\/still-life-illustrating-ethics-concept-1-scaled.jpg 1709w, https:\/\/grow-on.spotmarket.pt\/wp-content\/uploads\/2024\/03\/still-life-illustrating-ethics-concept-1-200x300.jpg 200w, https:\/\/grow-on.spotmarket.pt\/wp-content\/uploads\/2024\/03\/still-life-illustrating-ethics-concept-1-684x1024.jpg 684w, https:\/\/grow-on.spotmarket.pt\/wp-content\/uploads\/2024\/03\/still-life-illustrating-ethics-concept-1-768x1150.jpg 768w, https:\/\/grow-on.spotmarket.pt\/wp-content\/uploads\/2024\/03\/still-life-illustrating-ethics-concept-1-1025x1536.jpg 1025w, https:\/\/grow-on.spotmarket.pt\/wp-content\/uploads\/2024\/03\/still-life-illustrating-ethics-concept-1-1367x2048.jpg 1367w\" sizes=\"(max-width: 1709px) 100vw, 1709px\" \/>\t\t\t\t\t\t\t\t\t\t\t\t\t<\/div>\n\t\t\t\t<\/div>\n\t\t\t\t<\/div>\n\t\t<div class=\"elementor-element elementor-element-bd17722 e-con-full e-flex e-con e-child\" data-id=\"bd17722\" data-element_type=\"container\">\n\t\t\t\t<div class=\"elementor-element elementor-element-5dcce3c elementor-widget elementor-widget-heading\" data-id=\"5dcce3c\" data-element_type=\"widget\" data-widget_type=\"heading.default\">\n\t\t\t\t<div class=\"elementor-widget-container\">\n\t\t\t<h2 class=\"elementor-heading-title elementor-size-default\">OS NOSSOS VALORES<\/h2>\t\t<\/div>\n\t\t\t\t<\/div>\n\t\t\t\t<div class=\"elementor-element elementor-element-f4fc362 elementor-widget__width-initial elementor-widget elementor-widget-text-editor\" data-id=\"f4fc362\" data-element_type=\"widget\" data-widget_type=\"text-editor.default\">\n\t\t\t\t<div class=\"elementor-widget-container\">\n\t\t\t\t\t\t\t<p>A nossa proposta de valor \u00e9 descomplicar cada neg\u00f3cio e organizar cada escrit\u00f3rio, dando uma resposta rigorosa e de qualidade, atempada e dispon\u00edvel, regida por valores s\u00f3lidos e princ\u00edpios \u00edntegros garantindo uma comunica\u00e7\u00e3o transparente, uma rela\u00e7\u00e3o fiel, respons\u00e1vel e confidencial.<\/p>\t\t\t\t\t\t<\/div>\n\t\t\t\t<\/div>\n\t\t\t\t<\/div>\n\t\t\t\t\t<\/div>\n\t\t\t\t<\/div>\n\t\t<div class=\"elementor-element elementor-element-8c5d2b7 e-flex e-con-boxed elementor-invisible e-con e-parent\" data-id=\"8c5d2b7\" data-element_type=\"container\" data-settings=\"{&quot;animation&quot;:&quot;fadeInUp&quot;}\" data-core-v316-plus=\"true\">\n\t\t\t\t\t<div class=\"e-con-inner\">\n\t\t<div class=\"elementor-element elementor-element-c648fa5 e-con-full e-flex e-con e-child\" data-id=\"c648fa5\" data-element_type=\"container\">\n\t\t\t\t<div class=\"elementor-element elementor-element-ee64e94 elementor-widget elementor-widget-heading\" data-id=\"ee64e94\" data-element_type=\"widget\" data-widget_type=\"heading.default\">\n\t\t\t\t<div class=\"elementor-widget-container\">\n\t\t\t<h2 class=\"elementor-heading-title elementor-size-default\">A NOSSA VIS\u00c3O<\/h2>\t\t<\/div>\n\t\t\t\t<\/div>\n\t\t\t\t<div class=\"elementor-element elementor-element-1fd1ba6 elementor-widget__width-initial elementor-widget elementor-widget-text-editor\" data-id=\"1fd1ba6\" data-element_type=\"widget\" data-widget_type=\"text-editor.default\">\n\t\t\t\t<div class=\"elementor-widget-container\">\n\t\t\t\t\t\t\t<p>Somos uma equipa ativa, motivada e capacitada de um conjunto de compet\u00eancias operacionais, que se prop\u00f5e a descomplicar neg\u00f3cios e a organizar cada escrit\u00f3rio, adaptando-se \u00e0s necessidades de cada cliente, libertando-o de maneira a que se foque na an\u00e1lise, na decis\u00e3o, na opera\u00e7\u00e3o e no crescimento do seu neg\u00f3cio.<br \/>Temos como objetivo simplificar a gest\u00e3o administrativa e operacional de cada estrutura, com um conjunto de solu\u00e7\u00f5es integradas de apoio \u00e0 gest\u00e3o de empresas e adaptadas \u00e0s necessidades de cada cliente.<\/p>\t\t\t\t\t\t<\/div>\n\t\t\t\t<\/div>\n\t\t\t\t<\/div>\n\t\t<div class=\"elementor-element elementor-element-4e2de66 e-con-full e-flex e-con e-child\" data-id=\"4e2de66\" data-element_type=\"container\">\n\t\t\t\t<div class=\"elementor-element elementor-element-9e410b0 elementor-widget elementor-widget-image\" data-id=\"9e410b0\" data-element_type=\"widget\" data-widget_type=\"image.default\">\n\t\t\t\t<div class=\"elementor-widget-container\">\n\t\t\t\t\t\t\t\t\t\t\t\t\t<img loading=\"lazy\" decoding=\"async\" width=\"2000\" height=\"1335\" src=\"https:\/\/grow-on.spotmarket.pt\/wp-content\/uploads\/2024\/03\/top-view-creative-team-discussing-business-graphs-drawn-marker-pens.jpg\" class=\"attachment-full size-full wp-image-141\" alt=\"\" srcset=\"https:\/\/grow-on.spotmarket.pt\/wp-content\/uploads\/2024\/03\/top-view-creative-team-discussing-business-graphs-drawn-marker-pens.jpg 2000w, https:\/\/grow-on.spotmarket.pt\/wp-content\/uploads\/2024\/03\/top-view-creative-team-discussing-business-graphs-drawn-marker-pens-300x200.jpg 300w, https:\/\/grow-on.spotmarket.pt\/wp-content\/uploads\/2024\/03\/top-view-creative-team-discussing-business-graphs-drawn-marker-pens-1024x684.jpg 1024w, https:\/\/grow-on.spotmarket.pt\/wp-content\/uploads\/2024\/03\/top-view-creative-team-discussing-business-graphs-drawn-marker-pens-768x513.jpg 768w, https:\/\/grow-on.spotmarket.pt\/wp-content\/uploads\/2024\/03\/top-view-creative-team-discussing-business-graphs-drawn-marker-pens-1536x1025.jpg 1536w\" sizes=\"(max-width: 2000px) 100vw, 2000px\" \/>\t\t\t\t\t\t\t\t\t\t\t\t\t<\/div>\n\t\t\t\t<\/div>\n\t\t\t\t<\/div>\n\t\t\t\t\t<\/div>\n\t\t\t\t<\/div>\n\t\t<div class=\"elementor-element elementor-element-8aa3eb5 e-flex e-con-boxed elementor-invisible e-con e-parent\" data-id=\"8aa3eb5\" data-element_type=\"container\" data-settings=\"{&quot;animation&quot;:&quot;fadeInUp&quot;}\" data-core-v316-plus=\"true\">\n\t\t\t\t\t<div class=\"e-con-inner\">\n\t\t<div class=\"elementor-element elementor-element-1e11613 e-con-full e-flex e-con e-child\" data-id=\"1e11613\" data-element_type=\"container\">\n\t\t\t\t<div class=\"elementor-element elementor-element-655791e elementor-widget elementor-widget-image\" data-id=\"655791e\" data-element_type=\"widget\" data-widget_type=\"image.default\">\n\t\t\t\t<div class=\"elementor-widget-container\">\n\t\t\t\t\t\t\t\t\t\t\t\t\t<img loading=\"lazy\" decoding=\"async\" width=\"1667\" height=\"1667\" src=\"https:\/\/grow-on.spotmarket.pt\/wp-content\/uploads\/2024\/03\/gestao-administrativa.jpg\" class=\"attachment-full size-full wp-image-323\" alt=\"\" srcset=\"https:\/\/grow-on.spotmarket.pt\/wp-content\/uploads\/2024\/03\/gestao-administrativa.jpg 1667w, https:\/\/grow-on.spotmarket.pt\/wp-content\/uploads\/2024\/03\/gestao-administrativa-300x300.jpg 300w, https:\/\/grow-on.spotmarket.pt\/wp-content\/uploads\/2024\/03\/gestao-administrativa-1024x1024.jpg 1024w, https:\/\/grow-on.spotmarket.pt\/wp-content\/uploads\/2024\/03\/gestao-administrativa-150x150.jpg 150w, https:\/\/grow-on.spotmarket.pt\/wp-content\/uploads\/2024\/03\/gestao-administrativa-768x768.jpg 768w, https:\/\/grow-on.spotmarket.pt\/wp-content\/uploads\/2024\/03\/gestao-administrativa-1536x1536.jpg 1536w\" sizes=\"(max-width: 1667px) 100vw, 1667px\" \/>\t\t\t\t\t\t\t\t\t\t\t\t\t<\/div>\n\t\t\t\t<\/div>\n\t\t\t\t<\/div>\n\t\t<div class=\"elementor-element elementor-element-0171c0f e-con-full e-flex e-con e-child\" data-id=\"0171c0f\" data-element_type=\"container\">\n\t\t\t\t<div class=\"elementor-element elementor-element-5189066 elementor-widget elementor-widget-heading\" data-id=\"5189066\" data-element_type=\"widget\" data-widget_type=\"heading.default\">\n\t\t\t\t<div class=\"elementor-widget-container\">\n\t\t\t<h2 class=\"elementor-heading-title elementor-size-default\">O que nos diferencia<\/h2>\t\t<\/div>\n\t\t\t\t<\/div>\n\t\t\t\t<div class=\"elementor-element elementor-element-d1561b0 elementor-widget__width-initial elementor-widget elementor-widget-text-editor\" data-id=\"d1561b0\" data-element_type=\"widget\" data-widget_type=\"text-editor.default\">\n\t\t\t\t<div class=\"elementor-widget-container\">\n\t\t\t\t\t\t\t<p>A proximidade do cliente e da opera\u00e7\u00e3o, a procura da melhor resposta, da otimiza\u00e7\u00e3o de tempo e processos, sempre com o objetivo do resultado mais rigoroso e assertivo. <br \/>Valorizando a criatividade individual da nossa equipa, a sinergia do conhecimento que adquirimos por termos contacto com a diversidade de opera\u00e7\u00f5es com que trabalhamos. <br \/>A ambi\u00e7\u00e3o pela inova\u00e7\u00e3o de ferramentas e o simples facto de nos desafiarmos todos os dias a fazer mais e melhor&#8230;<br \/>Ao longo dos anos temos vindo a desenvolver v\u00e1rias compet\u00eancias t\u00e9cnicas no setor, o que nos permite prestar um servi\u00e7o de elevada qualidade e efici\u00eancia a todos os nossos clientes.<br \/>Empenhamo-nos na resposta, na resolu\u00e7\u00e3o de problemas, na supera\u00e7\u00e3o e na solu\u00e7\u00e3o.<\/p>\t\t\t\t\t\t<\/div>\n\t\t\t\t<\/div>\n\t\t\t\t<\/div>\n\t\t\t\t\t<\/div>\n\t\t\t\t<\/div>\n\t\t<div class=\"elementor-element elementor-element-96ffa2f e-flex e-con-boxed elementor-invisible e-con e-parent\" data-id=\"96ffa2f\" data-element_type=\"container\" data-settings=\"{&quot;animation&quot;:&quot;fadeInUp&quot;}\" data-core-v316-plus=\"true\">\n\t\t\t\t\t<div class=\"e-con-inner\">\n\t\t<div class=\"elementor-element elementor-element-d6156f0 e-con-full e-flex e-con e-child\" data-id=\"d6156f0\" data-element_type=\"container\">\n\t\t\t\t<div class=\"elementor-element elementor-element-ce6d971 elementor-widget elementor-widget-heading\" data-id=\"ce6d971\" data-element_type=\"widget\" data-widget_type=\"heading.default\">\n\t\t\t\t<div class=\"elementor-widget-container\">\n\t\t\t<h2 class=\"elementor-heading-title elementor-size-default\">A nossa equipa<\/h2>\t\t<\/div>\n\t\t\t\t<\/div>\n\t\t\t\t<div class=\"elementor-element elementor-element-c3b415b elementor-widget__width-initial elementor-widget elementor-widget-text-editor\" data-id=\"c3b415b\" data-element_type=\"widget\" data-widget_type=\"text-editor.default\">\n\t\t\t\t<div class=\"elementor-widget-container\">\n\t\t\t\t\t\t\t<p>Somos uma equipa multidisciplinar, ativa e motivada, com um foco claro: encontrar a melhor solu\u00e7\u00e3o para cada tarefa.<\/p><p>A nossa diversidade de compet\u00eancias permite-nos abordar os desafios com uma vis\u00e3o integrada e personalizada, garantindo sempre um acompanhamento pr\u00f3ximo, eficiente e orientado para resultados.<\/p>\t\t\t\t\t\t<\/div>\n\t\t\t\t<\/div>\n\t\t\t\t<\/div>\n\t\t\t\t\t<\/div>\n\t\t\t\t<\/div>\n\t\t<div class=\"elementor-element elementor-element-1f5fdd3 e-flex e-con-boxed e-con e-parent\" data-id=\"1f5fdd3\" data-element_type=\"container\" data-core-v316-plus=\"true\">\n\t\t\t\t\t<div class=\"e-con-inner\">\n\t\t<div class=\"elementor-element elementor-element-6e38cc4 e-con-full e-flex e-con e-child\" data-id=\"6e38cc4\" data-element_type=\"container\">\n\t\t\t\t<div class=\"elementor-element elementor-element-a8015d2 elementor-widget elementor-widget-image\" data-id=\"a8015d2\" data-element_type=\"widget\" data-widget_type=\"image.default\">\n\t\t\t\t<div class=\"elementor-widget-container\">\n\t\t\t\t\t\t\t\t\t\t\t\t\t<img loading=\"lazy\" decoding=\"async\" width=\"1333\" height=\"2000\" src=\"https:\/\/grow-on.spotmarket.pt\/wp-content\/uploads\/2024\/11\/Leonor-Garcia-Baptista-Managing-Partner.jpg\" class=\"attachment-full size-full wp-image-601\" alt=\"\" srcset=\"https:\/\/grow-on.spotmarket.pt\/wp-content\/uploads\/2024\/11\/Leonor-Garcia-Baptista-Managing-Partner.jpg 1333w, https:\/\/grow-on.spotmarket.pt\/wp-content\/uploads\/2024\/11\/Leonor-Garcia-Baptista-Managing-Partner-200x300.jpg 200w, https:\/\/grow-on.spotmarket.pt\/wp-content\/uploads\/2024\/11\/Leonor-Garcia-Baptista-Managing-Partner-682x1024.jpg 682w, https:\/\/grow-on.spotmarket.pt\/wp-content\/uploads\/2024\/11\/Leonor-Garcia-Baptista-Managing-Partner-768x1152.jpg 768w, https:\/\/grow-on.spotmarket.pt\/wp-content\/uploads\/2024\/11\/Leonor-Garcia-Baptista-Managing-Partner-1024x1536.jpg 1024w\" sizes=\"(max-width: 1333px) 100vw, 1333px\" \/>\t\t\t\t\t\t\t\t\t\t\t\t\t<\/div>\n\t\t\t\t<\/div>\n\t\t\t\t<div class=\"elementor-element elementor-element-6513d98 elementor-widget elementor-widget-heading\" data-id=\"6513d98\" data-element_type=\"widget\" data-widget_type=\"heading.default\">\n\t\t\t\t<div class=\"elementor-widget-container\">\n\t\t\t<span class=\"elementor-heading-title elementor-size-default\">Leonor Garcia Baptista<\/span>\t\t<\/div>\n\t\t\t\t<\/div>\n\t\t\t\t<div class=\"elementor-element elementor-element-c9fe78f elementor-widget elementor-widget-heading\" data-id=\"c9fe78f\" data-element_type=\"widget\" data-widget_type=\"heading.default\">\n\t\t\t\t<div class=\"elementor-widget-container\">\n\t\t\t<span class=\"elementor-heading-title elementor-size-default\">MANAGING PARTNER <\/span>\t\t<\/div>\n\t\t\t\t<\/div>\n\t\t\t\t<\/div>\n\t\t<div class=\"elementor-element elementor-element-2b1d7f2 e-con-full elementor-hidden-desktop elementor-hidden-tablet elementor-hidden-mobile e-flex e-con e-child\" data-id=\"2b1d7f2\" data-element_type=\"container\">\n\t\t\t\t<div class=\"elementor-element elementor-element-2ebea66 elementor-widget elementor-widget-image\" data-id=\"2ebea66\" data-element_type=\"widget\" data-widget_type=\"image.default\">\n\t\t\t\t<div class=\"elementor-widget-container\">\n\t\t\t\t\t\t\t\t\t\t\t\t\t<img loading=\"lazy\" decoding=\"async\" width=\"1044\" height=\"1566\" src=\"https:\/\/grow-on.spotmarket.pt\/wp-content\/uploads\/2024\/11\/Marta-Martins-Account-Supervisor.jpg\" class=\"attachment-full size-full wp-image-603\" alt=\"\" srcset=\"https:\/\/grow-on.spotmarket.pt\/wp-content\/uploads\/2024\/11\/Marta-Martins-Account-Supervisor.jpg 1044w, https:\/\/grow-on.spotmarket.pt\/wp-content\/uploads\/2024\/11\/Marta-Martins-Account-Supervisor-200x300.jpg 200w, https:\/\/grow-on.spotmarket.pt\/wp-content\/uploads\/2024\/11\/Marta-Martins-Account-Supervisor-683x1024.jpg 683w, https:\/\/grow-on.spotmarket.pt\/wp-content\/uploads\/2024\/11\/Marta-Martins-Account-Supervisor-768x1152.jpg 768w, https:\/\/grow-on.spotmarket.pt\/wp-content\/uploads\/2024\/11\/Marta-Martins-Account-Supervisor-1024x1536.jpg 1024w\" sizes=\"(max-width: 1044px) 100vw, 1044px\" \/>\t\t\t\t\t\t\t\t\t\t\t\t\t<\/div>\n\t\t\t\t<\/div>\n\t\t\t\t<div class=\"elementor-element elementor-element-8c93471 elementor-widget elementor-widget-heading\" data-id=\"8c93471\" data-element_type=\"widget\" data-widget_type=\"heading.default\">\n\t\t\t\t<div class=\"elementor-widget-container\">\n\t\t\t<span class=\"elementor-heading-title elementor-size-default\">Marta Martins <\/span>\t\t<\/div>\n\t\t\t\t<\/div>\n\t\t\t\t<div class=\"elementor-element elementor-element-dad7baf elementor-widget elementor-widget-heading\" data-id=\"dad7baf\" data-element_type=\"widget\" data-widget_type=\"heading.default\">\n\t\t\t\t<div class=\"elementor-widget-container\">\n\t\t\t<span class=\"elementor-heading-title elementor-size-default\">Account Supervisor<\/span>\t\t<\/div>\n\t\t\t\t<\/div>\n\t\t\t\t<\/div>\n\t\t\t\t\t<\/div>\n\t\t\t\t<\/div>\n\t\t\t\t<\/div>\n\t\t","protected":false},"excerpt":{"rendered":"<p>A NOSSA HIST\u00d3RIA A Grow surge com a necessidade de solu\u00e7\u00f5es pr\u00e1ticas de estrutura de apoio administrativo a pequenas e m\u00e9dias empresas, a grandes ideias que ainda s\u00e3o pequenos neg\u00f3cios, que deste apoio dependem para conseguir fazer crescer a sua opera\u00e7\u00e3o e otimizar processos que simplifiquem o seu dia a dia, com o objetivo de [&hellip;]<\/p>\n","protected":false},"author":1,"featured_media":0,"parent":0,"menu_order":0,"comment_status":"closed","ping_status":"closed","template":"","meta":{"inline_featured_image":false,"footnotes":""},"class_list":["post-129","page","type-page","status-publish","hentry"],"_links":{"self":[{"href":"https:\/\/grow-on.spotmarket.pt\/en\/wp-json\/wp\/v2\/pages\/129","targetHints":{"allow":["GET"]}}],"collection":[{"href":"https:\/\/grow-on.spotmarket.pt\/en\/wp-json\/wp\/v2\/pages"}],"about":[{"href":"https:\/\/grow-on.spotmarket.pt\/en\/wp-json\/wp\/v2\/types\/page"}],"author":[{"embeddable":true,"href":"https:\/\/grow-on.spotmarket.pt\/en\/wp-json\/wp\/v2\/users\/1"}],"replies":[{"embeddable":true,"href":"https:\/\/grow-on.spotmarket.pt\/en\/wp-json\/wp\/v2\/comments?post=129"}],"version-history":[{"count":46,"href":"https:\/\/grow-on.spotmarket.pt\/en\/wp-json\/wp\/v2\/pages\/129\/revisions"}],"predecessor-version":[{"id":620,"href":"https:\/\/grow-on.spotmarket.pt\/en\/wp-json\/wp\/v2\/pages\/129\/revisions\/620"}],"wp:attachment":[{"href":"https:\/\/grow-on.spotmarket.pt\/en\/wp-json\/wp\/v2\/media?parent=129"}],"curies":[{"name":"wp","href":"https:\/\/api.w.org\/{rel}","templated":true}]}}