{"id":203,"date":"2024-03-26T11:49:47","date_gmt":"2024-03-26T11:49:47","guid":{"rendered":"https:\/\/grow-on.spotmarket.pt\/?page_id=203"},"modified":"2024-05-03T13:39:57","modified_gmt":"2024-05-03T13:39:57","slug":"politica-de-privacidade","status":"publish","type":"page","link":"https:\/\/grow-on.spotmarket.pt\/en\/politica-de-privacidade\/","title":{"rendered":"Pol\u00edtica de Privacidade"},"content":{"rendered":"\t\t<div data-elementor-type=\"wp-page\" data-elementor-id=\"203\" class=\"elementor elementor-203\" data-elementor-post-type=\"page\">\n\t\t\t\t<div class=\"elementor-element elementor-element-dc858db e-flex e-con-boxed e-con e-parent\" data-id=\"dc858db\" data-element_type=\"container\" data-core-v316-plus=\"true\">\n\t\t\t\t\t<div class=\"e-con-inner\">\n\t\t<div class=\"elementor-element elementor-element-fc22c6a e-con-full e-flex e-con e-child\" data-id=\"fc22c6a\" data-element_type=\"container\">\n\t\t\t\t<div class=\"elementor-element elementor-element-374ff84 elementor-widget__width-inherit elementor-widget elementor-widget-text-editor\" data-id=\"374ff84\" data-element_type=\"widget\" data-widget_type=\"text-editor.default\">\n\t\t\t\t<div class=\"elementor-widget-container\">\n\t\t\t<style>\/*! elementor - v3.20.0 - 20-03-2024 *\/\n.elementor-widget-text-editor.elementor-drop-cap-view-stacked .elementor-drop-cap{background-color:#69727d;color:#fff}.elementor-widget-text-editor.elementor-drop-cap-view-framed .elementor-drop-cap{color:#69727d;border:3px solid;background-color:transparent}.elementor-widget-text-editor:not(.elementor-drop-cap-view-default) .elementor-drop-cap{margin-top:8px}.elementor-widget-text-editor:not(.elementor-drop-cap-view-default) .elementor-drop-cap-letter{width:1em;height:1em}.elementor-widget-text-editor .elementor-drop-cap{float:left;text-align:center;line-height:1;font-size:50px}.elementor-widget-text-editor .elementor-drop-cap-letter{display:inline-block}<\/style>\t\t\t\t<h1><b>Pol\u00edtica de Privacidade<\/b><\/h1><p><span style=\"font-weight: 400;\">A presente Pol\u00edtica de Privacidade rege a utiliza\u00e7\u00e3o das plataformas digitais (websites) que s\u00e3o propriedade da Grow On Business Services, Lda., doravante Grow.<\/span><\/p><p><span style=\"font-weight: 400;\">Caso pretenda entrar em contacto com a Grow relativamente a assuntos relacionados com estas plataformas digitais poder\u00e1 faz\u00ea-lo atrav\u00e9s do endere\u00e7o de e-mail geral@grow-on.spotmarket.pt.<\/span><\/p><p><span style=\"font-weight: 400;\">O acesso e a utiliza\u00e7\u00e3o destes websites s\u00e3o da inteira responsabilidade do utilizador, que est\u00e1 sujeito \u00e0 aceita\u00e7\u00e3o da presente Pol\u00edtica de Privacidade e ao tratamento de dados aqui descritos. A utiliza\u00e7\u00e3o destas plataformas digitais bem como as rela\u00e7\u00f5es entre a Grow e os utilizadores s\u00e3o regidos pela legisla\u00e7\u00e3o portuguesa aplic\u00e1vel.<\/span><\/p><p><span style=\"font-weight: 400;\">A Grow reserva-se o direito de rever a qualquer momento a presente Pol\u00edtica de Privacidade e o tratamento de dados aqui descrito, sempre que o entenda conveniente, com ou sem aviso pr\u00e9vio.<\/span><\/p><p><span style=\"font-weight: 400;\">Esta Pol\u00edtica de Privacidade constitui um contrato entre o utilizador e a Grow e aplica-se \u00e0 utiliza\u00e7\u00e3o destes websites. \u00c9 da responsabilidade do utilizador ler a Pol\u00edtica de Privacidade sempre que aceda aos websites, de forma a tomar conhecimento de quaisquer altera\u00e7\u00f5es efetuadas, porquanto a mesma pode afetar os seus direitos.<\/span><\/p><p><span style=\"font-weight: 400;\">\u00a0<\/span><\/p><h2><b>Recolha e Tratamento de dados pessoais, princ\u00edpios e finalidades<\/b><\/h2><p><span style=\"font-weight: 400;\">A Grow \u00e9 a respons\u00e1vel pelo tratamento da informa\u00e7\u00e3o pessoal respeitante aos utilizadores diretamente recolhida atrav\u00e9s de diversos meios. A Grow compromete-se a p\u00f4r em pr\u00e1tica as medidas t\u00e9cnicas e organizativas adequadas para proteger os dados pessoais dos seus utilizadores contra a sua destrui\u00e7\u00e3o, acidental, ou il\u00edcita, a perda acidental, a altera\u00e7\u00e3o, a difus\u00e3o ou o acesso n\u00e3o autorizado.<\/span><\/p><p><span style=\"font-weight: 400;\">Considera-se aplicado um n\u00edvel de seguran\u00e7a adequado em rela\u00e7\u00e3o aos riscos que o tratamento apresenta face \u00e0 natureza dos dados a proteger.<\/span><\/p><p><span style=\"font-weight: 400;\">A recolha de dados significa que o seu nome, n\u00famero de telefone e endere\u00e7o de correio eletr\u00f3nico ser\u00e3o registados quando preencher os nossos formul\u00e1rios de contacto.<\/span><\/p><p><span style=\"font-weight: 400;\">Ao preencher e submeter um formul\u00e1rio de contacto est\u00e1 a dar o seu consentimento, pessoal, volunt\u00e1rio, consciente e expresso para a Grow utilizar os seus dados pessoais para os fins que indicar. Ou seja, os seus dados recolhidos neste site destinam-se, exclusivamente, ao processamento de pedidos de informa\u00e7\u00e3o e\/ou reclama\u00e7\u00f5es.<\/span><\/p><p><span style=\"font-weight: 400;\">A Grow pode, deste modo, recolher e guardar informa\u00e7\u00e3o que voluntariamente e com consentimento lhe foi transmitida, incluindo, entre outra, informa\u00e7\u00e3o pessoal individualizada, como nome, endere\u00e7o de correio eletr\u00f3nico e n\u00famero de telefone. A Grow antes do tratamento e recolha dos dados pessoais diretamente junto dos respetivos titulares, prestar\u00e1 todas as informa\u00e7\u00f5es necess\u00e1rias relativas a esse tratamento e recolher\u00e1 a respetiva autoriza\u00e7\u00e3o para o efeito.<\/span><\/p><p><span style=\"font-weight: 400;\">\u00a0<\/span><\/p><h3><b>Direitos dos titulares dos dados<\/b><\/h3><p><span style=\"font-weight: 400;\">Os dados fornecidos pelos utilizadores ser\u00e3o tratados pela Grow em conformidade com os preceitos legalmente aplic\u00e1veis, sendo nomeadamente:<\/span><\/p><ol><li style=\"font-weight: 400;\" aria-level=\"1\"><span style=\"font-weight: 400;\">Tratados de forma l\u00edcita e com respeito pelo princ\u00edpio da boa-f\u00e9;<\/span><\/li><li style=\"font-weight: 400;\" aria-level=\"1\"><span style=\"font-weight: 400;\">Recolhidos para finalidades determinadas, expl\u00edcitas e leg\u00edtimas, n\u00e3o podendo ser posteriormente tratados;<\/span><\/li><li style=\"font-weight: 400;\" aria-level=\"1\"><span style=\"font-weight: 400;\">Exatos e, se necess\u00e1rio, atualizados, devendo ser tomadas as medidas adequadas para assegurar que sejam apagados ou retificados os dados inexatos ou incompletos, tendo em conta as finalidades para que foram recolhidos ou para que s\u00e3o tratados posteriormente;<\/span><\/li><li style=\"font-weight: 400;\" aria-level=\"1\"><span style=\"font-weight: 400;\">Conservados de forma a permitir a identifica\u00e7\u00e3o dos seus titulares apenas durante o per\u00edodo necess\u00e1rio para a prossecu\u00e7\u00e3o das finalidades de recolha ou do tratamento posterior. Os dados solicitados nestas plataformas digitais n\u00e3o s\u00e3o considerados, \u00e0 luz da legisla\u00e7\u00e3o aplic\u00e1vel como dados sens\u00edveis, n\u00e3o sendo, por conseguinte, aplic\u00e1veis as inerentes restri\u00e7\u00f5es.<\/span><\/li><\/ol><p><span style=\"font-weight: 400;\">\u00a0<\/span><\/p><h3><b>Transfer\u00eancia de dados<\/b><\/h3><p><span style=\"font-weight: 400;\">Os dados pessoais do utilizador s\u00e3o recolhidos e introduzidos pela Grow num ficheiro automatizado para realiza\u00e7\u00e3o de atividades relacionadas com as suas plataformas digitais.<\/span><\/p><p><span style=\"font-weight: 400;\">Os dados recolhidos poder\u00e3o ser transmitidos a outras sociedades participadas pela Grow, sedeadas na Uni\u00e3o Europeia, para a realiza\u00e7\u00e3o de quaisquer atividades inclu\u00eddas na iniciativa dos websites. A recolha e tratamento de dados pessoais ser\u00e1 efetuada de acordo com a lei portuguesa, aplic\u00e1vel e vigente, e todas as autoriza\u00e7\u00f5es que, para o efeito, se revelem necess\u00e1rias, ser\u00e3o previamente obtidas junto da Comiss\u00e3o Nacional de Prote\u00e7\u00e3o de Dados. Nos termos da lei, a Grow adotou as medidas necess\u00e1rias para assegurar que os dados facultados sejam protegidos contra o acesso ou utiliza\u00e7\u00e3o por parte de terceiros n\u00e3o autorizados. No entanto, a Grow alerta para o risco residual de acesso n\u00e3o autorizado atrav\u00e9s da Internet.<\/span><\/p><p><span style=\"font-weight: 400;\">Existem outros tipos de informa\u00e7\u00f5es, neste caso n\u00e3o pessoais e n\u00e3o individualizadas, que s\u00e3o registados apenas para ajudar a manter os websites \u00fateis e garantir uma boa experi\u00eancia de navega\u00e7\u00e3o para quem o visita. S\u00e3o as informa\u00e7\u00f5es estat\u00edsticas que, normalmente e por defini\u00e7\u00e3o, s\u00e3o registadas atrav\u00e9s da janela de navega\u00e7\u00e3o na internet (\u201cbrowser\u201d) como sejam: o endere\u00e7o na internet do website que trouxe o utilizador diretamente ao website da Grow, p\u00e1ginas do website mais visitadas, tipo de browser, sistema operativo, etc.<\/span><\/p><p><span style=\"font-weight: 400;\">\u00a0<\/span><\/p><h3><b>Seguran\u00e7a e utiliza\u00e7\u00e3o da informa\u00e7\u00e3o<\/b><\/h3><p><span style=\"font-weight: 400;\">A Grow compromete-se a assegurar a privacidade dos utilizadores registados. A Grow n\u00e3o vende nem aluga a terceiros qualquer dado pessoal enviado pelos utilizadores registados.<\/span><\/p><p><span style=\"font-weight: 400;\">Apesar dos esfor\u00e7os da Grow para proteger os seus dados pessoais, uma vez que estes s\u00e3o recolhidos atrav\u00e9s de uma rede aberta \u2013 a Internet \u2013 poder\u00e3o os mesmos circular na rede sem condi\u00e7\u00f5es de seguran\u00e7a, correndo o risco de serem vistos e utilizados por terceiros n\u00e3o autorizados.<\/span><\/p><p><span style=\"font-weight: 400;\">\u00a0<\/span><\/p><h3><b>Prazo de conserva\u00e7\u00e3o dos dados pessoais<\/b><\/h3><p><span style=\"font-weight: 400;\">Ap\u00f3s a recolha de informa\u00e7\u00e3o de dados pessoais individualizada, que voluntariamente lhe foi transmitida, a Grow proceder\u00e1 \u00e0 sua conserva\u00e7\u00e3o e manuten\u00e7\u00e3o at\u00e9 instru\u00e7\u00f5es em contr\u00e1rio, ou at\u00e9 que seja exig\u00edvel por lei. A conserva\u00e7\u00e3o dessa informa\u00e7\u00e3o permite que a Grow continue a fornecer servi\u00e7os personalizados sem interrup\u00e7\u00e3o.<\/span><\/p><p>\u00a0<\/p>\t\t\t\t\t\t<\/div>\n\t\t\t\t<\/div>\n\t\t\t\t<\/div>\n\t\t\t\t\t<\/div>\n\t\t\t\t<\/div>\n\t\t\t\t<\/div>\n\t\t","protected":false},"excerpt":{"rendered":"<p>Pol\u00edtica de Privacidade A presente Pol\u00edtica de Privacidade rege a utiliza\u00e7\u00e3o das plataformas digitais (websites) que s\u00e3o propriedade da Grow On Business Services, Lda., doravante Grow. Caso pretenda entrar em contacto com a Grow relativamente a assuntos relacionados com estas plataformas digitais poder\u00e1 faz\u00ea-lo atrav\u00e9s do endere\u00e7o de e-mail geral@grow-on.spotmarket.pt. O acesso e a utiliza\u00e7\u00e3o [&hellip;]<\/p>\n","protected":false},"author":1,"featured_media":0,"parent":0,"menu_order":0,"comment_status":"closed","ping_status":"closed","template":"","meta":{"inline_featured_image":false,"footnotes":""},"class_list":["post-203","page","type-page","status-publish","hentry"],"_links":{"self":[{"href":"https:\/\/grow-on.spotmarket.pt\/en\/wp-json\/wp\/v2\/pages\/203","targetHints":{"allow":["GET"]}}],"collection":[{"href":"https:\/\/grow-on.spotmarket.pt\/en\/wp-json\/wp\/v2\/pages"}],"about":[{"href":"https:\/\/grow-on.spotmarket.pt\/en\/wp-json\/wp\/v2\/types\/page"}],"author":[{"embeddable":true,"href":"https:\/\/grow-on.spotmarket.pt\/en\/wp-json\/wp\/v2\/users\/1"}],"replies":[{"embeddable":true,"href":"https:\/\/grow-on.spotmarket.pt\/en\/wp-json\/wp\/v2\/comments?post=203"}],"version-history":[{"count":4,"href":"https:\/\/grow-on.spotmarket.pt\/en\/wp-json\/wp\/v2\/pages\/203\/revisions"}],"predecessor-version":[{"id":520,"href":"https:\/\/grow-on.spotmarket.pt\/en\/wp-json\/wp\/v2\/pages\/203\/revisions\/520"}],"wp:attachment":[{"href":"https:\/\/grow-on.spotmarket.pt\/en\/wp-json\/wp\/v2\/media?parent=203"}],"curies":[{"name":"wp","href":"https:\/\/api.w.org\/{rel}","templated":true}]}}